{"id":655,"date":"2025-05-25T10:48:03","date_gmt":"2025-05-25T07:48:03","guid":{"rendered":"https:\/\/carbonvega.com\/product\/kaablikinnitus\/"},"modified":"2025-12-22T19:25:07","modified_gmt":"2025-12-22T17:25:07","slug":"kaabli-ja-voolikuklambrid","status":"publish","type":"product","link":"https:\/\/carbonvega.com\/et\/toode\/kaabli-ja-voolikuklambrid\/","title":{"rendered":"Kaablikinnitus"},"content":{"rendered":"","protected":false},"excerpt":{"rendered":"<p>Kaabli- ja voolikukinnitusklambrid<br \/>\nMeie s\u00fcsinikkomposiitklambrid pakuvad elegantset ja tugevat lahendust kaablite v\u00f5i voolikute paigaldamiseks.<br \/>\nSaadaval mitmes suuruses, eelnevalt puuritud kinnitusavadega. Ideaalne j\u00e4rgmistele rakendustele:<\/p>\n<p>Mehitamata \u00f5hus\u00f5idukite s\u00fcsteemid<br \/>\nAutot\u00f6\u00f6stuse juhtmestikud<br \/>\nMere- v\u00f5i t\u00f6\u00f6stuslikud marsruutimispaigaldised<\/p>\n","protected":false},"featured_media":657,"comment_status":"open","ping_status":"closed","template":"","meta":{"_monsterinsights_skip_tracking":false,"_monsterinsights_sitenote_active":false,"_monsterinsights_sitenote_note":"","_monsterinsights_sitenote_category":0},"product_brand":[],"product_cat":[71],"product_tag":[79],"class_list":{"0":"post-655","1":"product","2":"type-product","3":"status-publish","4":"has-post-thumbnail","6":"product_cat-kaabli-ja-voolikukinnitusklambrid","7":"product_tag-kaablikinnitus","9":"first","10":"instock","11":"taxable","12":"shipping-taxable","13":"purchasable","14":"product-type-simple"},"yoast_head":"<!-- This site is optimized with the Yoast SEO plugin v27.4 - https:\/\/yoast.com\/product\/yoast-seo-wordpress\/ -->\n<title>S\u00fcsinikkiust kaabli- ja voolikuklambrid \u2013 kerged ja tugevad<\/title>\n<meta name=\"description\" content=\"S\u00fcsinikkiust klambrid kaablite ja voolikute kinnitamiseks. Kerged, tugevad ja sobivad UAV-, auto- v\u00f5i t\u00f6\u00f6stuslahendustele.\" \/>\n<meta name=\"robots\" content=\"index, follow, max-snippet:-1, max-image-preview:large, max-video-preview:-1\" \/>\n<link rel=\"canonical\" href=\"https:\/\/carbonvega.com\/et\/toode\/kaabli-ja-voolikuklambrid\/\" \/>\n<meta property=\"og:locale\" content=\"et_EE\" \/>\n<meta property=\"og:type\" content=\"article\" \/>\n<meta property=\"og:title\" content=\"S\u00fcsinikkiust kaabli- ja voolikuklambrid \u2013 kerged ja tugevad\" \/>\n<meta property=\"og:description\" content=\"S\u00fcsinikkiust klambrid kaablite ja voolikute kinnitamiseks. Kerged, tugevad ja sobivad UAV-, auto- v\u00f5i t\u00f6\u00f6stuslahendustele.\" \/>\n<meta property=\"og:url\" content=\"https:\/\/carbonvega.com\/et\/toode\/kaabli-ja-voolikuklambrid\/\" \/>\n<meta property=\"og:site_name\" content=\"CarbonVega\" \/>\n<meta property=\"article:modified_time\" content=\"2025-12-22T17:25:07+00:00\" \/>\n<meta property=\"og:image\" content=\"https:\/\/carbonvega.com\/wp-content\/uploads\/2025\/05\/Cable-mount.jpg\" \/>\n\t<meta property=\"og:image:width\" content=\"602\" \/>\n\t<meta property=\"og:image:height\" content=\"531\" \/>\n\t<meta property=\"og:image:type\" content=\"image\/jpeg\" \/>\n<meta name=\"twitter:card\" content=\"summary_large_image\" \/>\n<meta name=\"twitter:label1\" content=\"Est. reading time\" \/>\n\t<meta name=\"twitter:data1\" content=\"1 minut\" \/>\n<script type=\"application\/ld+json\" class=\"yoast-schema-graph\">{\"@context\":\"https:\\\/\\\/schema.org\",\"@graph\":[{\"@type\":\"WebPage\",\"@id\":\"https:\\\/\\\/carbonvega.com\\\/et\\\/toode\\\/kaabli-ja-voolikuklambrid\\\/\",\"url\":\"https:\\\/\\\/carbonvega.com\\\/et\\\/toode\\\/kaabli-ja-voolikuklambrid\\\/\",\"name\":\"S\u00fcsinikkiust kaabli- ja voolikuklambrid \u2013 kerged ja tugevad\",\"isPartOf\":{\"@id\":\"https:\\\/\\\/carbonvega.com\\\/et\\\/#website\"},\"primaryImageOfPage\":{\"@id\":\"https:\\\/\\\/carbonvega.com\\\/et\\\/toode\\\/kaabli-ja-voolikuklambrid\\\/#primaryimage\"},\"image\":{\"@id\":\"https:\\\/\\\/carbonvega.com\\\/et\\\/toode\\\/kaabli-ja-voolikuklambrid\\\/#primaryimage\"},\"thumbnailUrl\":\"https:\\\/\\\/carbonvega.com\\\/wp-content\\\/uploads\\\/2025\\\/05\\\/Cable-mount.jpg\",\"datePublished\":\"2025-05-25T07:48:03+00:00\",\"dateModified\":\"2025-12-22T17:25:07+00:00\",\"description\":\"S\u00fcsinikkiust klambrid kaablite ja voolikute kinnitamiseks. Kerged, tugevad ja sobivad UAV-, auto- v\u00f5i t\u00f6\u00f6stuslahendustele.\",\"breadcrumb\":{\"@id\":\"https:\\\/\\\/carbonvega.com\\\/et\\\/toode\\\/kaabli-ja-voolikuklambrid\\\/#breadcrumb\"},\"inLanguage\":\"et\",\"potentialAction\":[{\"@type\":\"ReadAction\",\"target\":[\"https:\\\/\\\/carbonvega.com\\\/et\\\/toode\\\/kaabli-ja-voolikuklambrid\\\/\"]}]},{\"@type\":\"ImageObject\",\"inLanguage\":\"et\",\"@id\":\"https:\\\/\\\/carbonvega.com\\\/et\\\/toode\\\/kaabli-ja-voolikuklambrid\\\/#primaryimage\",\"url\":\"https:\\\/\\\/carbonvega.com\\\/wp-content\\\/uploads\\\/2025\\\/05\\\/Cable-mount.jpg\",\"contentUrl\":\"https:\\\/\\\/carbonvega.com\\\/wp-content\\\/uploads\\\/2025\\\/05\\\/Cable-mount.jpg\",\"width\":602,\"height\":531,\"caption\":\"Cable mount\"},{\"@type\":\"BreadcrumbList\",\"@id\":\"https:\\\/\\\/carbonvega.com\\\/et\\\/toode\\\/kaabli-ja-voolikuklambrid\\\/#breadcrumb\",\"itemListElement\":[{\"@type\":\"ListItem\",\"position\":1,\"name\":\"Home\",\"item\":\"https:\\\/\\\/carbonvega.com\\\/et\\\/\"},{\"@type\":\"ListItem\",\"position\":2,\"name\":\"Kauplus\",\"item\":\"https:\\\/\\\/carbonvega.com\\\/et\\\/?page_id=634\"},{\"@type\":\"ListItem\",\"position\":3,\"name\":\"Kaablikinnitus\"}]},{\"@type\":\"WebSite\",\"@id\":\"https:\\\/\\\/carbonvega.com\\\/et\\\/#website\",\"url\":\"https:\\\/\\\/carbonvega.com\\\/et\\\/\",\"name\":\"CarbonVega\",\"description\":\"European based carbon fiber sheets manufacturer\",\"publisher\":{\"@id\":\"https:\\\/\\\/carbonvega.com\\\/et\\\/#organization\"},\"potentialAction\":[{\"@type\":\"SearchAction\",\"target\":{\"@type\":\"EntryPoint\",\"urlTemplate\":\"https:\\\/\\\/carbonvega.com\\\/et\\\/?s={search_term_string}\"},\"query-input\":{\"@type\":\"PropertyValueSpecification\",\"valueRequired\":true,\"valueName\":\"search_term_string\"}}],\"inLanguage\":\"et\"},{\"@type\":\"Organization\",\"@id\":\"https:\\\/\\\/carbonvega.com\\\/et\\\/#organization\",\"name\":\"CarbonVega\",\"url\":\"https:\\\/\\\/carbonvega.com\\\/et\\\/\",\"logo\":{\"@type\":\"ImageObject\",\"inLanguage\":\"et\",\"@id\":\"https:\\\/\\\/carbonvega.com\\\/et\\\/#\\\/schema\\\/logo\\\/image\\\/\",\"url\":\"https:\\\/\\\/carbonvega.com\\\/wp-content\\\/uploads\\\/2025\\\/05\\\/Carbonvega-logo-transparent.png\",\"contentUrl\":\"https:\\\/\\\/carbonvega.com\\\/wp-content\\\/uploads\\\/2025\\\/05\\\/Carbonvega-logo-transparent.png\",\"width\":399,\"height\":242,\"caption\":\"CarbonVega\"},\"image\":{\"@id\":\"https:\\\/\\\/carbonvega.com\\\/et\\\/#\\\/schema\\\/logo\\\/image\\\/\"}}]}<\/script>\n<!-- \/ Yoast SEO plugin. -->","yoast_head_json":{"title":"S\u00fcsinikkiust kaabli- ja voolikuklambrid \u2013 kerged ja tugevad","description":"S\u00fcsinikkiust klambrid kaablite ja voolikute kinnitamiseks. Kerged, tugevad ja sobivad UAV-, auto- v\u00f5i t\u00f6\u00f6stuslahendustele.","robots":{"index":"index","follow":"follow","max-snippet":"max-snippet:-1","max-image-preview":"max-image-preview:large","max-video-preview":"max-video-preview:-1"},"canonical":"https:\/\/carbonvega.com\/et\/toode\/kaabli-ja-voolikuklambrid\/","og_locale":"et_EE","og_type":"article","og_title":"S\u00fcsinikkiust kaabli- ja voolikuklambrid \u2013 kerged ja tugevad","og_description":"S\u00fcsinikkiust klambrid kaablite ja voolikute kinnitamiseks. Kerged, tugevad ja sobivad UAV-, auto- v\u00f5i t\u00f6\u00f6stuslahendustele.","og_url":"https:\/\/carbonvega.com\/et\/toode\/kaabli-ja-voolikuklambrid\/","og_site_name":"CarbonVega","article_modified_time":"2025-12-22T17:25:07+00:00","og_image":[{"width":602,"height":531,"url":"https:\/\/carbonvega.com\/wp-content\/uploads\/2025\/05\/Cable-mount.jpg","type":"image\/jpeg"}],"twitter_card":"summary_large_image","twitter_misc":{"Est. reading time":"1 minut"},"schema":{"@context":"https:\/\/schema.org","@graph":[{"@type":"WebPage","@id":"https:\/\/carbonvega.com\/et\/toode\/kaabli-ja-voolikuklambrid\/","url":"https:\/\/carbonvega.com\/et\/toode\/kaabli-ja-voolikuklambrid\/","name":"S\u00fcsinikkiust kaabli- ja voolikuklambrid \u2013 kerged ja tugevad","isPartOf":{"@id":"https:\/\/carbonvega.com\/et\/#website"},"primaryImageOfPage":{"@id":"https:\/\/carbonvega.com\/et\/toode\/kaabli-ja-voolikuklambrid\/#primaryimage"},"image":{"@id":"https:\/\/carbonvega.com\/et\/toode\/kaabli-ja-voolikuklambrid\/#primaryimage"},"thumbnailUrl":"https:\/\/carbonvega.com\/wp-content\/uploads\/2025\/05\/Cable-mount.jpg","datePublished":"2025-05-25T07:48:03+00:00","dateModified":"2025-12-22T17:25:07+00:00","description":"S\u00fcsinikkiust klambrid kaablite ja voolikute kinnitamiseks. Kerged, tugevad ja sobivad UAV-, auto- v\u00f5i t\u00f6\u00f6stuslahendustele.","breadcrumb":{"@id":"https:\/\/carbonvega.com\/et\/toode\/kaabli-ja-voolikuklambrid\/#breadcrumb"},"inLanguage":"et","potentialAction":[{"@type":"ReadAction","target":["https:\/\/carbonvega.com\/et\/toode\/kaabli-ja-voolikuklambrid\/"]}]},{"@type":"ImageObject","inLanguage":"et","@id":"https:\/\/carbonvega.com\/et\/toode\/kaabli-ja-voolikuklambrid\/#primaryimage","url":"https:\/\/carbonvega.com\/wp-content\/uploads\/2025\/05\/Cable-mount.jpg","contentUrl":"https:\/\/carbonvega.com\/wp-content\/uploads\/2025\/05\/Cable-mount.jpg","width":602,"height":531,"caption":"Cable mount"},{"@type":"BreadcrumbList","@id":"https:\/\/carbonvega.com\/et\/toode\/kaabli-ja-voolikuklambrid\/#breadcrumb","itemListElement":[{"@type":"ListItem","position":1,"name":"Home","item":"https:\/\/carbonvega.com\/et\/"},{"@type":"ListItem","position":2,"name":"Kauplus","item":"https:\/\/carbonvega.com\/et\/?page_id=634"},{"@type":"ListItem","position":3,"name":"Kaablikinnitus"}]},{"@type":"WebSite","@id":"https:\/\/carbonvega.com\/et\/#website","url":"https:\/\/carbonvega.com\/et\/","name":"CarbonVega","description":"European based carbon fiber sheets manufacturer","publisher":{"@id":"https:\/\/carbonvega.com\/et\/#organization"},"potentialAction":[{"@type":"SearchAction","target":{"@type":"EntryPoint","urlTemplate":"https:\/\/carbonvega.com\/et\/?s={search_term_string}"},"query-input":{"@type":"PropertyValueSpecification","valueRequired":true,"valueName":"search_term_string"}}],"inLanguage":"et"},{"@type":"Organization","@id":"https:\/\/carbonvega.com\/et\/#organization","name":"CarbonVega","url":"https:\/\/carbonvega.com\/et\/","logo":{"@type":"ImageObject","inLanguage":"et","@id":"https:\/\/carbonvega.com\/et\/#\/schema\/logo\/image\/","url":"https:\/\/carbonvega.com\/wp-content\/uploads\/2025\/05\/Carbonvega-logo-transparent.png","contentUrl":"https:\/\/carbonvega.com\/wp-content\/uploads\/2025\/05\/Carbonvega-logo-transparent.png","width":399,"height":242,"caption":"CarbonVega"},"image":{"@id":"https:\/\/carbonvega.com\/et\/#\/schema\/logo\/image\/"}}]}},"_links":{"self":[{"href":"https:\/\/carbonvega.com\/et\/wp-json\/wp\/v2\/product\/655","targetHints":{"allow":["GET"]}}],"collection":[{"href":"https:\/\/carbonvega.com\/et\/wp-json\/wp\/v2\/product"}],"about":[{"href":"https:\/\/carbonvega.com\/et\/wp-json\/wp\/v2\/types\/product"}],"replies":[{"embeddable":true,"href":"https:\/\/carbonvega.com\/et\/wp-json\/wp\/v2\/comments?post=655"}],"wp:featuredmedia":[{"embeddable":true,"href":"https:\/\/carbonvega.com\/et\/wp-json\/wp\/v2\/media\/657"}],"wp:attachment":[{"href":"https:\/\/carbonvega.com\/et\/wp-json\/wp\/v2\/media?parent=655"}],"wp:term":[{"taxonomy":"product_brand","embeddable":true,"href":"https:\/\/carbonvega.com\/et\/wp-json\/wp\/v2\/product_brand?post=655"},{"taxonomy":"product_cat","embeddable":true,"href":"https:\/\/carbonvega.com\/et\/wp-json\/wp\/v2\/product_cat?post=655"},{"taxonomy":"product_tag","embeddable":true,"href":"https:\/\/carbonvega.com\/et\/wp-json\/wp\/v2\/product_tag?post=655"}],"curies":[{"name":"wp","href":"https:\/\/api.w.org\/{rel}","templated":true}]}}