{"id":649,"date":"2025-05-25T09:23:48","date_gmt":"2025-05-25T06:23:48","guid":{"rendered":"https:\/\/carbonvega.com\/product\/suvistatud-seibid\/"},"modified":"2025-06-06T11:00:54","modified_gmt":"2025-06-06T08:00:54","slug":"suvistatud-seibid","status":"publish","type":"product","link":"https:\/\/carbonvega.com\/et\/toode\/suvistatud-seibid\/","title":{"rendered":"S\u00fcvistatud seibid"},"content":{"rendered":"","protected":false},"excerpt":{"rendered":"<h3>S\u00fcsinikkiust seibid<\/h3>\n<p>Lamedad seibid \u2013 Kerged, j\u00e4igad ja ideaalsed koormuse jaotamiseks komposiitkonstruktsioonides.<br \/>\nS\u00fcvistatud seibid \u2013 M\u00f5eldud \u00fchendamiseks s\u00fcvistatud peaga kinnitusdetailidega, tagades puhta ja \u00fchtlase pinna.<br \/>\nSaadaval mitmes sise-\/v\u00e4lisl\u00e4bim\u00f5\u00f5dus ja paksuses. Erim\u00f5\u00f5dud soovi korral.<\/p>\n","protected":false},"featured_media":438,"comment_status":"open","ping_status":"closed","template":"","meta":{"_monsterinsights_skip_tracking":false,"_monsterinsights_sitenote_active":false,"_monsterinsights_sitenote_note":"","_monsterinsights_sitenote_category":0},"product_brand":[],"product_cat":[70],"product_tag":[],"class_list":{"0":"post-649","1":"product","2":"type-product","3":"status-publish","4":"has-post-thumbnail","6":"product_cat-susinikkiust-seibid","8":"first","9":"instock","10":"taxable","11":"shipping-taxable","12":"purchasable","13":"product-type-variable"},"yoast_head":"<!-- This site is optimized with the Yoast SEO plugin v27.4 - https:\/\/yoast.com\/product\/yoast-seo-wordpress\/ -->\n<title>S\u00fcsinikkiust seibid \u2013 Kerged ja tugevad | Kohandatavad m\u00f5\u00f5dud<\/title>\n<meta name=\"description\" content=\"S\u00fcsinikkiust seibid \u2013 lamedad ja koonuspeaga kruvidele m\u00f5eldud \u2013 on \u00fclikerged ja vastupidavad. Saadaval eri suurustes, v\u00f5imalik ka eritellimus.\" \/>\n<meta name=\"robots\" content=\"index, follow, max-snippet:-1, max-image-preview:large, max-video-preview:-1\" \/>\n<link rel=\"canonical\" href=\"https:\/\/carbonvega.com\/et\/toode\/suvistatud-seibid\/\" \/>\n<meta property=\"og:locale\" content=\"et_EE\" \/>\n<meta property=\"og:type\" content=\"article\" \/>\n<meta property=\"og:title\" content=\"S\u00fcsinikkiust seibid \u2013 Kerged ja tugevad | Kohandatavad m\u00f5\u00f5dud\" \/>\n<meta property=\"og:description\" content=\"S\u00fcsinikkiust seibid \u2013 lamedad ja koonuspeaga kruvidele m\u00f5eldud \u2013 on \u00fclikerged ja vastupidavad. Saadaval eri suurustes, v\u00f5imalik ka eritellimus.\" \/>\n<meta property=\"og:url\" content=\"https:\/\/carbonvega.com\/et\/toode\/suvistatud-seibid\/\" \/>\n<meta property=\"og:site_name\" content=\"CarbonVega\" \/>\n<meta property=\"article:modified_time\" content=\"2025-06-06T08:00:54+00:00\" \/>\n<meta property=\"og:image\" content=\"https:\/\/carbonvega.com\/wp-content\/uploads\/2025\/05\/Countershunk-washers.jpg\" \/>\n\t<meta property=\"og:image:width\" content=\"1170\" \/>\n\t<meta property=\"og:image:height\" content=\"780\" \/>\n\t<meta property=\"og:image:type\" content=\"image\/jpeg\" \/>\n<meta name=\"twitter:card\" content=\"summary_large_image\" \/>\n<meta name=\"twitter:label1\" content=\"Est. reading time\" \/>\n\t<meta name=\"twitter:data1\" content=\"1 minut\" \/>\n<script type=\"application\/ld+json\" class=\"yoast-schema-graph\">{\"@context\":\"https:\\\/\\\/schema.org\",\"@graph\":[{\"@type\":\"WebPage\",\"@id\":\"https:\\\/\\\/carbonvega.com\\\/et\\\/toode\\\/suvistatud-seibid\\\/\",\"url\":\"https:\\\/\\\/carbonvega.com\\\/et\\\/toode\\\/suvistatud-seibid\\\/\",\"name\":\"S\u00fcsinikkiust seibid \u2013 Kerged ja tugevad | Kohandatavad m\u00f5\u00f5dud\",\"isPartOf\":{\"@id\":\"https:\\\/\\\/carbonvega.com\\\/et\\\/#website\"},\"primaryImageOfPage\":{\"@id\":\"https:\\\/\\\/carbonvega.com\\\/et\\\/toode\\\/suvistatud-seibid\\\/#primaryimage\"},\"image\":{\"@id\":\"https:\\\/\\\/carbonvega.com\\\/et\\\/toode\\\/suvistatud-seibid\\\/#primaryimage\"},\"thumbnailUrl\":\"https:\\\/\\\/carbonvega.com\\\/wp-content\\\/uploads\\\/2025\\\/05\\\/Countershunk-washers.jpg\",\"datePublished\":\"2025-05-25T06:23:48+00:00\",\"dateModified\":\"2025-06-06T08:00:54+00:00\",\"description\":\"S\u00fcsinikkiust seibid \u2013 lamedad ja koonuspeaga kruvidele m\u00f5eldud \u2013 on \u00fclikerged ja vastupidavad. Saadaval eri suurustes, v\u00f5imalik ka eritellimus.\",\"breadcrumb\":{\"@id\":\"https:\\\/\\\/carbonvega.com\\\/et\\\/toode\\\/suvistatud-seibid\\\/#breadcrumb\"},\"inLanguage\":\"et\",\"potentialAction\":[{\"@type\":\"ReadAction\",\"target\":[\"https:\\\/\\\/carbonvega.com\\\/et\\\/toode\\\/suvistatud-seibid\\\/\"]}]},{\"@type\":\"ImageObject\",\"inLanguage\":\"et\",\"@id\":\"https:\\\/\\\/carbonvega.com\\\/et\\\/toode\\\/suvistatud-seibid\\\/#primaryimage\",\"url\":\"https:\\\/\\\/carbonvega.com\\\/wp-content\\\/uploads\\\/2025\\\/05\\\/Countershunk-washers.jpg\",\"contentUrl\":\"https:\\\/\\\/carbonvega.com\\\/wp-content\\\/uploads\\\/2025\\\/05\\\/Countershunk-washers.jpg\",\"width\":1170,\"height\":780},{\"@type\":\"BreadcrumbList\",\"@id\":\"https:\\\/\\\/carbonvega.com\\\/et\\\/toode\\\/suvistatud-seibid\\\/#breadcrumb\",\"itemListElement\":[{\"@type\":\"ListItem\",\"position\":1,\"name\":\"Home\",\"item\":\"https:\\\/\\\/carbonvega.com\\\/et\\\/\"},{\"@type\":\"ListItem\",\"position\":2,\"name\":\"Kauplus\",\"item\":\"https:\\\/\\\/carbonvega.com\\\/et\\\/?page_id=634\"},{\"@type\":\"ListItem\",\"position\":3,\"name\":\"S\u00fcvistatud seibid\"}]},{\"@type\":\"WebSite\",\"@id\":\"https:\\\/\\\/carbonvega.com\\\/et\\\/#website\",\"url\":\"https:\\\/\\\/carbonvega.com\\\/et\\\/\",\"name\":\"CarbonVega\",\"description\":\"European based carbon fiber sheets manufacturer\",\"publisher\":{\"@id\":\"https:\\\/\\\/carbonvega.com\\\/et\\\/#organization\"},\"potentialAction\":[{\"@type\":\"SearchAction\",\"target\":{\"@type\":\"EntryPoint\",\"urlTemplate\":\"https:\\\/\\\/carbonvega.com\\\/et\\\/?s={search_term_string}\"},\"query-input\":{\"@type\":\"PropertyValueSpecification\",\"valueRequired\":true,\"valueName\":\"search_term_string\"}}],\"inLanguage\":\"et\"},{\"@type\":\"Organization\",\"@id\":\"https:\\\/\\\/carbonvega.com\\\/et\\\/#organization\",\"name\":\"CarbonVega\",\"url\":\"https:\\\/\\\/carbonvega.com\\\/et\\\/\",\"logo\":{\"@type\":\"ImageObject\",\"inLanguage\":\"et\",\"@id\":\"https:\\\/\\\/carbonvega.com\\\/et\\\/#\\\/schema\\\/logo\\\/image\\\/\",\"url\":\"https:\\\/\\\/carbonvega.com\\\/wp-content\\\/uploads\\\/2025\\\/05\\\/Carbonvega-logo-transparent.png\",\"contentUrl\":\"https:\\\/\\\/carbonvega.com\\\/wp-content\\\/uploads\\\/2025\\\/05\\\/Carbonvega-logo-transparent.png\",\"width\":399,\"height\":242,\"caption\":\"CarbonVega\"},\"image\":{\"@id\":\"https:\\\/\\\/carbonvega.com\\\/et\\\/#\\\/schema\\\/logo\\\/image\\\/\"}}]}<\/script>\n<!-- \/ Yoast SEO plugin. -->","yoast_head_json":{"title":"S\u00fcsinikkiust seibid \u2013 Kerged ja tugevad | Kohandatavad m\u00f5\u00f5dud","description":"S\u00fcsinikkiust seibid \u2013 lamedad ja koonuspeaga kruvidele m\u00f5eldud \u2013 on \u00fclikerged ja vastupidavad. Saadaval eri suurustes, v\u00f5imalik ka eritellimus.","robots":{"index":"index","follow":"follow","max-snippet":"max-snippet:-1","max-image-preview":"max-image-preview:large","max-video-preview":"max-video-preview:-1"},"canonical":"https:\/\/carbonvega.com\/et\/toode\/suvistatud-seibid\/","og_locale":"et_EE","og_type":"article","og_title":"S\u00fcsinikkiust seibid \u2013 Kerged ja tugevad | Kohandatavad m\u00f5\u00f5dud","og_description":"S\u00fcsinikkiust seibid \u2013 lamedad ja koonuspeaga kruvidele m\u00f5eldud \u2013 on \u00fclikerged ja vastupidavad. Saadaval eri suurustes, v\u00f5imalik ka eritellimus.","og_url":"https:\/\/carbonvega.com\/et\/toode\/suvistatud-seibid\/","og_site_name":"CarbonVega","article_modified_time":"2025-06-06T08:00:54+00:00","og_image":[{"width":1170,"height":780,"url":"https:\/\/carbonvega.com\/wp-content\/uploads\/2025\/05\/Countershunk-washers.jpg","type":"image\/jpeg"}],"twitter_card":"summary_large_image","twitter_misc":{"Est. reading time":"1 minut"},"schema":{"@context":"https:\/\/schema.org","@graph":[{"@type":"WebPage","@id":"https:\/\/carbonvega.com\/et\/toode\/suvistatud-seibid\/","url":"https:\/\/carbonvega.com\/et\/toode\/suvistatud-seibid\/","name":"S\u00fcsinikkiust seibid \u2013 Kerged ja tugevad | Kohandatavad m\u00f5\u00f5dud","isPartOf":{"@id":"https:\/\/carbonvega.com\/et\/#website"},"primaryImageOfPage":{"@id":"https:\/\/carbonvega.com\/et\/toode\/suvistatud-seibid\/#primaryimage"},"image":{"@id":"https:\/\/carbonvega.com\/et\/toode\/suvistatud-seibid\/#primaryimage"},"thumbnailUrl":"https:\/\/carbonvega.com\/wp-content\/uploads\/2025\/05\/Countershunk-washers.jpg","datePublished":"2025-05-25T06:23:48+00:00","dateModified":"2025-06-06T08:00:54+00:00","description":"S\u00fcsinikkiust seibid \u2013 lamedad ja koonuspeaga kruvidele m\u00f5eldud \u2013 on \u00fclikerged ja vastupidavad. Saadaval eri suurustes, v\u00f5imalik ka eritellimus.","breadcrumb":{"@id":"https:\/\/carbonvega.com\/et\/toode\/suvistatud-seibid\/#breadcrumb"},"inLanguage":"et","potentialAction":[{"@type":"ReadAction","target":["https:\/\/carbonvega.com\/et\/toode\/suvistatud-seibid\/"]}]},{"@type":"ImageObject","inLanguage":"et","@id":"https:\/\/carbonvega.com\/et\/toode\/suvistatud-seibid\/#primaryimage","url":"https:\/\/carbonvega.com\/wp-content\/uploads\/2025\/05\/Countershunk-washers.jpg","contentUrl":"https:\/\/carbonvega.com\/wp-content\/uploads\/2025\/05\/Countershunk-washers.jpg","width":1170,"height":780},{"@type":"BreadcrumbList","@id":"https:\/\/carbonvega.com\/et\/toode\/suvistatud-seibid\/#breadcrumb","itemListElement":[{"@type":"ListItem","position":1,"name":"Home","item":"https:\/\/carbonvega.com\/et\/"},{"@type":"ListItem","position":2,"name":"Kauplus","item":"https:\/\/carbonvega.com\/et\/?page_id=634"},{"@type":"ListItem","position":3,"name":"S\u00fcvistatud seibid"}]},{"@type":"WebSite","@id":"https:\/\/carbonvega.com\/et\/#website","url":"https:\/\/carbonvega.com\/et\/","name":"CarbonVega","description":"European based carbon fiber sheets manufacturer","publisher":{"@id":"https:\/\/carbonvega.com\/et\/#organization"},"potentialAction":[{"@type":"SearchAction","target":{"@type":"EntryPoint","urlTemplate":"https:\/\/carbonvega.com\/et\/?s={search_term_string}"},"query-input":{"@type":"PropertyValueSpecification","valueRequired":true,"valueName":"search_term_string"}}],"inLanguage":"et"},{"@type":"Organization","@id":"https:\/\/carbonvega.com\/et\/#organization","name":"CarbonVega","url":"https:\/\/carbonvega.com\/et\/","logo":{"@type":"ImageObject","inLanguage":"et","@id":"https:\/\/carbonvega.com\/et\/#\/schema\/logo\/image\/","url":"https:\/\/carbonvega.com\/wp-content\/uploads\/2025\/05\/Carbonvega-logo-transparent.png","contentUrl":"https:\/\/carbonvega.com\/wp-content\/uploads\/2025\/05\/Carbonvega-logo-transparent.png","width":399,"height":242,"caption":"CarbonVega"},"image":{"@id":"https:\/\/carbonvega.com\/et\/#\/schema\/logo\/image\/"}}]}},"_links":{"self":[{"href":"https:\/\/carbonvega.com\/et\/wp-json\/wp\/v2\/product\/649","targetHints":{"allow":["GET"]}}],"collection":[{"href":"https:\/\/carbonvega.com\/et\/wp-json\/wp\/v2\/product"}],"about":[{"href":"https:\/\/carbonvega.com\/et\/wp-json\/wp\/v2\/types\/product"}],"replies":[{"embeddable":true,"href":"https:\/\/carbonvega.com\/et\/wp-json\/wp\/v2\/comments?post=649"}],"wp:featuredmedia":[{"embeddable":true,"href":"https:\/\/carbonvega.com\/et\/wp-json\/wp\/v2\/media\/438"}],"wp:attachment":[{"href":"https:\/\/carbonvega.com\/et\/wp-json\/wp\/v2\/media?parent=649"}],"wp:term":[{"taxonomy":"product_brand","embeddable":true,"href":"https:\/\/carbonvega.com\/et\/wp-json\/wp\/v2\/product_brand?post=649"},{"taxonomy":"product_cat","embeddable":true,"href":"https:\/\/carbonvega.com\/et\/wp-json\/wp\/v2\/product_cat?post=649"},{"taxonomy":"product_tag","embeddable":true,"href":"https:\/\/carbonvega.com\/et\/wp-json\/wp\/v2\/product_tag?post=649"}],"curies":[{"name":"wp","href":"https:\/\/api.w.org\/{rel}","templated":true}]}}