{"id":822,"date":"2025-05-21T09:21:53","date_gmt":"2025-05-21T06:21:53","guid":{"rendered":"https:\/\/carbonvega.com\/privaatsuspoliitika\/"},"modified":"2025-07-16T18:11:27","modified_gmt":"2025-07-16T15:11:27","slug":"privaatsuspoliitika","status":"publish","type":"page","link":"https:\/\/carbonvega.com\/et\/privaatsuspoliitika\/","title":{"rendered":"Privaatsuspoliitika"},"content":{"rendered":"\n<h5 class=\"wp-block-heading\"><strong>J\u00f5ustumiskuup\u00e4ev:<\/strong> 25.05.2025<\/h5>\n\n<h2 class=\"wp-block-heading\"><strong>Privaatsuspoliitika<\/strong><\/h2>\n\n<p>ja k\u00f5ik meie poolt osutatavad teenused.See privaatsuspoliitika selgitab, kuidas <strong>Carbonvega O\u00dc<\/strong> (\u201emeie\u201c, \u201emeid\u201c v\u00f5i \u201eme\u201c) kogub, kasutab ja kaitseb teie isikuandmeid, kui te meie veebisaiti kasutate <a class=\"\" href=\"https:\/\/carbonvega.com\/et\/\">https:\/\/carbonvega.com<\/a> ja k\u00f5ik meie poolt osutatavad teenused.<\/p>\n\n<h2 class=\"wp-block-heading\">1. Andmet\u00f6\u00f6tleja<\/h2>\n\n<p>Teie isikuandmete eest vastutav andmet\u00f6\u00f6tleja on:<\/p>\n\n<p><strong>Carbonvega O\u00dc<\/strong><br\/>Registration Code: 17242109<br\/>Legal Address: Peterburi tee 90f, Lasnam\u00e4e linnaosa,<br\/>Tallinn, Harju maakond, 13816, Eesti<br\/>E-post: <a>info@carbonvega.com<\/a><br\/>Telefon: +372 5624 8826<\/p>\n\n<h2 class=\"wp-block-heading\">2. Meie kogutavad isikuandmed<\/h2>\n\n<p>Me v\u00f5ime koguda ja t\u00f6\u00f6delda j\u00e4rgmisi isikuandmeid:<\/p>\n\n<ul class=\"wp-block-list\">\n<li><strong>Kontakt informatsioon:<\/strong> nimi, e-posti aadress. telefoninumber<\/li>\n\n\n\n<li><strong>Sideandmed:<\/strong> teave, mille annate meiega \u00fchenduse v\u00f5tmisel<\/li>\n\n\n\n<li><strong>Tehniline teave:<\/strong> IP-aadress, brauseri t\u00fc\u00fcp ja versioon, ajav\u00f6\u00f6nd, operatsioonis\u00fcsteem<\/li>\n\n\n\n<li><strong>Kasutusteave:<\/strong> teave selle kohta, kuidas te meie veebisaiti ja teenuseid kasutate<\/li>\n<\/ul>\n\n<h2 class=\"wp-block-heading\">3. Kuidas me teie andmeid kasutame<\/h2>\n\n<p>Me kasutame teie isikuandmeid j\u00e4rgmistel eesm\u00e4rkidel:<\/p>\n\n<ul class=\"wp-block-list\">\n<li>P\u00e4ringutele vastamiseks ja klienditoe pakkumiseks<\/li>\n\n\n\n<li>Meie veebisaidi haldamiseks ja t\u00e4iustamiseks<\/li>\n\n\n\n<li>\u00d5iguslike kohustuste t\u00e4itmiseks<\/li>\n\n\n\n<li>Teile oluliste teadete v\u00f5i teenusev\u00e4rskenduste saatmiseks (ainult vajadusel)<\/li>\n<\/ul>\n\n<h2 class=\"wp-block-heading\">4. T\u00f6\u00f6tlemise \u00f5iguslik alus<\/h2>\n\n<p>T\u00f6\u00f6tleme teie isikuandmeid j\u00e4rgmistel \u00f5iguslikel alustel:<\/p>\n\n<ul class=\"wp-block-list\">\n<li>Teie <strong>n\u00f5usolekul<\/strong><\/li>\n\n\n\n<li><strong>Lepingu t\u00e4itmiseks<\/strong><\/li>\n\n\n\n<li>et t\u00e4itsa <strong>\u00f5iguslikke kohustusi<\/strong><\/li>\n\n\n\n<li>Meier <strong>\u00f5igustatud huvi<\/strong>, n\u00e4iteks meie teenuste t\u00e4iustamine ja veebisaidi turvamine<\/li>\n<\/ul>\n\n<h2 class=\"wp-block-heading\">5. Andmete jagamine<\/h2>\n\n<p>Me ei m\u00fc\u00fc teie isikuandmeid. Me v\u00f5ime jagada andmeid j\u00e4rgmiste asutustega: <\/p>\n\n<ul class=\"wp-block-list\">\n<li>Teenusepakkujad, kes aitavad meil oma veebisaiti ja teenuseid hallata<\/li>\n\n\n\n<li>\u00d5igusasutused, kui see on seadusega n\u00f5utud<\/li>\n<\/ul>\n\n<p>K\u00f5ik volitatud t\u00f6\u00f6tlejad on lepinguliselt kohustatud kaitsma teie isikuandmeid vastavalt kehtivatele seadustele.<\/p>\n\n<h2 class=\"wp-block-heading\">6. Andmete s\u00e4ilitamine<\/h2>\n\n<p>S\u00e4ilitame teie andmeid ainult nii kaua, kui see on vajalik k\u00e4esolevas poliitikas s\u00e4testatud eesm\u00e4rkide saavutamiseks v\u00f5i juriidiliste kohustuste t\u00e4itmiseks.<\/p>\n\n<h2 class=\"wp-block-heading\">7. Teie \u00f5igused<\/h2>\n\n<p>Isikuandmete kaitse \u00fcldm\u00e4\u00e4ruse (GDPR) kohaselt on teil \u00f5igus:<\/p>\n\n<ul class=\"wp-block-list\">\n<li>Saada juurdep\u00e4\u00e4s oma isikuandmetele<\/li>\n\n\n\n<li>Parandada ebat\u00e4pseid andmeid<\/li>\n\n\n\n<li>Andmeid kustutada (\u201e\u00f5igus olla unustatud\u201c)<\/li>\n\n\n\n<li>T\u00f6\u00f6tlemist piirata v\u00f5i sellele vastuv\u00e4ite esitamine<\/li>\n\n\n\n<li>N\u00f5usolek igal ajal tagasi v\u00f5tta<\/li>\n\n\n\n<li>Esitada kaebus andmekaitseasutusele<\/li>\n<\/ul>\n\n<p>Oma \u00f5iguste teostamiseks v\u00f5tke meiega \u00fchendust aadressil <a>info@carbonvega.com<\/a>.<\/p>\n\n<h2 class=\"wp-block-heading\">8. K\u00fcpsised<\/h2>\n\n<p>Meie veebisait v\u00f5ib funktsionaalsuse t\u00e4iustamiseks ja kasutuse anal\u00fc\u00fcsimiseks kasutada k\u00fcpsiseid. K\u00fcpsiste eelistusi saate hallata oma brauseri seadete kaudu. <\/p>\n\n<h2 class=\"wp-block-heading\">9. Andmeturve<\/h2>\n\n<p>Rakendame asjakohaseid tehnilisi ja korralduslikke meetmeid teie andmete kaitsmiseks volitamata juurdep\u00e4\u00e4su, kaotsimineku v\u00f5i v\u00e4\u00e4rkasutuse eest.<\/p>\n\n<h2 class=\"wp-block-heading\">10. K\u00e4esoleva poliitika muudatused<\/h2>\n\n<p>Me v\u00f5ime seda privaatsuspoliitikat aeg-ajalt uuendada. Uuendatud versioon koos muudetud j\u00f5ustumiskuup\u00e4evaga avaldatakse sellel lehel. <\/p>\n\n<hr class=\"wp-block-separator has-alpha-channel-opacity\"\/>\n\n<p><strong>Kui teil on k\u00fcsimusi<\/strong>, olge hea ja v\u00f5tke \u00fchendust <a>info@carbonvega.com<\/a> v\u00f5i helistage +372 5624 8826.<\/p>\n","protected":false},"excerpt":{"rendered":"<p>J\u00f5ustumiskuup\u00e4ev: 25.05.2025 Privaatsuspoliitika ja k\u00f5ik meie poolt osutatavad teenused.See privaatsuspoliitika selgitab, kuidas Carbonvega O\u00dc (\u201emeie\u201c, \u201emeid\u201c v\u00f5i \u201eme\u201c) kogub, kasutab ja kaitseb teie isikuandmeid, kui te<span class=\"excerpt-hellip\"> [\u2026]<\/span><\/p>\n","protected":false},"author":1,"featured_media":0,"parent":0,"menu_order":0,"comment_status":"closed","ping_status":"closed","template":"","meta":{"_monsterinsights_skip_tracking":false,"_monsterinsights_sitenote_active":false,"_monsterinsights_sitenote_note":"","_monsterinsights_sitenote_category":0,"footnotes":""},"class_list":["post-822","page","type-page","status-publish","hentry"],"yoast_head":"<!-- This site is optimized with the Yoast SEO plugin v27.6 - https:\/\/yoast.com\/product\/yoast-seo-wordpress\/ -->\n<title>Privaatsuspoliitika - CarbonVega<\/title>\n<meta name=\"robots\" content=\"index, follow, max-snippet:-1, max-image-preview:large, max-video-preview:-1\" \/>\n<link rel=\"canonical\" href=\"https:\/\/carbonvega.com\/et\/privaatsuspoliitika\/\" \/>\n<meta property=\"og:locale\" content=\"et_EE\" \/>\n<meta property=\"og:type\" content=\"article\" \/>\n<meta property=\"og:title\" content=\"Privaatsuspoliitika - CarbonVega\" \/>\n<meta property=\"og:description\" content=\"J\u00f5ustumiskuup\u00e4ev: 25.05.2025 Privaatsuspoliitika ja k\u00f5ik meie poolt osutatavad teenused.See privaatsuspoliitika selgitab, kuidas Carbonvega O\u00dc (\u201emeie\u201c, \u201emeid\u201c v\u00f5i \u201eme\u201c) kogub, kasutab ja kaitseb teie isikuandmeid, kui te [\u2026]\" \/>\n<meta property=\"og:url\" content=\"https:\/\/carbonvega.com\/et\/privaatsuspoliitika\/\" \/>\n<meta property=\"og:site_name\" content=\"CarbonVega\" \/>\n<meta property=\"article:modified_time\" content=\"2025-07-16T15:11:27+00:00\" \/>\n<meta name=\"twitter:card\" content=\"summary_large_image\" \/>\n<meta name=\"twitter:label1\" content=\"Est. reading time\" \/>\n\t<meta name=\"twitter:data1\" content=\"2 minutit\" \/>\n<script type=\"application\/ld+json\" class=\"yoast-schema-graph\">{\"@context\":\"https:\\\/\\\/schema.org\",\"@graph\":[{\"@type\":\"WebPage\",\"@id\":\"https:\\\/\\\/carbonvega.com\\\/et\\\/privaatsuspoliitika\\\/\",\"url\":\"https:\\\/\\\/carbonvega.com\\\/et\\\/privaatsuspoliitika\\\/\",\"name\":\"Privaatsuspoliitika - CarbonVega\",\"isPartOf\":{\"@id\":\"https:\\\/\\\/carbonvega.com\\\/et\\\/#website\"},\"datePublished\":\"2025-05-21T06:21:53+00:00\",\"dateModified\":\"2025-07-16T15:11:27+00:00\",\"breadcrumb\":{\"@id\":\"https:\\\/\\\/carbonvega.com\\\/et\\\/privaatsuspoliitika\\\/#breadcrumb\"},\"inLanguage\":\"et\",\"potentialAction\":[{\"@type\":\"ReadAction\",\"target\":[\"https:\\\/\\\/carbonvega.com\\\/et\\\/privaatsuspoliitika\\\/\"]}]},{\"@type\":\"BreadcrumbList\",\"@id\":\"https:\\\/\\\/carbonvega.com\\\/et\\\/privaatsuspoliitika\\\/#breadcrumb\",\"itemListElement\":[{\"@type\":\"ListItem\",\"position\":1,\"name\":\"Home\",\"item\":\"https:\\\/\\\/carbonvega.com\\\/et\\\/\"},{\"@type\":\"ListItem\",\"position\":2,\"name\":\"Privaatsuspoliitika\"}]},{\"@type\":\"WebSite\",\"@id\":\"https:\\\/\\\/carbonvega.com\\\/et\\\/#website\",\"url\":\"https:\\\/\\\/carbonvega.com\\\/et\\\/\",\"name\":\"CarbonVega\",\"description\":\"European based carbon fiber sheets manufacturer\",\"publisher\":{\"@id\":\"https:\\\/\\\/carbonvega.com\\\/et\\\/#organization\"},\"potentialAction\":[{\"@type\":\"SearchAction\",\"target\":{\"@type\":\"EntryPoint\",\"urlTemplate\":\"https:\\\/\\\/carbonvega.com\\\/et\\\/?s={search_term_string}\"},\"query-input\":{\"@type\":\"PropertyValueSpecification\",\"valueRequired\":true,\"valueName\":\"search_term_string\"}}],\"inLanguage\":\"et\"},{\"@type\":\"Organization\",\"@id\":\"https:\\\/\\\/carbonvega.com\\\/et\\\/#organization\",\"name\":\"CarbonVega\",\"url\":\"https:\\\/\\\/carbonvega.com\\\/et\\\/\",\"logo\":{\"@type\":\"ImageObject\",\"inLanguage\":\"et\",\"@id\":\"https:\\\/\\\/carbonvega.com\\\/et\\\/#\\\/schema\\\/logo\\\/image\\\/\",\"url\":\"https:\\\/\\\/carbonvega.com\\\/wp-content\\\/uploads\\\/2025\\\/05\\\/Carbonvega-logo-transparent.png\",\"contentUrl\":\"https:\\\/\\\/carbonvega.com\\\/wp-content\\\/uploads\\\/2025\\\/05\\\/Carbonvega-logo-transparent.png\",\"width\":399,\"height\":242,\"caption\":\"CarbonVega\"},\"image\":{\"@id\":\"https:\\\/\\\/carbonvega.com\\\/et\\\/#\\\/schema\\\/logo\\\/image\\\/\"}}]}<\/script>\n<!-- \/ Yoast SEO plugin. -->","yoast_head_json":{"title":"Privaatsuspoliitika - CarbonVega","robots":{"index":"index","follow":"follow","max-snippet":"max-snippet:-1","max-image-preview":"max-image-preview:large","max-video-preview":"max-video-preview:-1"},"canonical":"https:\/\/carbonvega.com\/et\/privaatsuspoliitika\/","og_locale":"et_EE","og_type":"article","og_title":"Privaatsuspoliitika - CarbonVega","og_description":"J\u00f5ustumiskuup\u00e4ev: 25.05.2025 Privaatsuspoliitika ja k\u00f5ik meie poolt osutatavad teenused.See privaatsuspoliitika selgitab, kuidas Carbonvega O\u00dc (\u201emeie\u201c, \u201emeid\u201c v\u00f5i \u201eme\u201c) kogub, kasutab ja kaitseb teie isikuandmeid, kui te [\u2026]","og_url":"https:\/\/carbonvega.com\/et\/privaatsuspoliitika\/","og_site_name":"CarbonVega","article_modified_time":"2025-07-16T15:11:27+00:00","twitter_card":"summary_large_image","twitter_misc":{"Est. reading time":"2 minutit"},"schema":{"@context":"https:\/\/schema.org","@graph":[{"@type":"WebPage","@id":"https:\/\/carbonvega.com\/et\/privaatsuspoliitika\/","url":"https:\/\/carbonvega.com\/et\/privaatsuspoliitika\/","name":"Privaatsuspoliitika - CarbonVega","isPartOf":{"@id":"https:\/\/carbonvega.com\/et\/#website"},"datePublished":"2025-05-21T06:21:53+00:00","dateModified":"2025-07-16T15:11:27+00:00","breadcrumb":{"@id":"https:\/\/carbonvega.com\/et\/privaatsuspoliitika\/#breadcrumb"},"inLanguage":"et","potentialAction":[{"@type":"ReadAction","target":["https:\/\/carbonvega.com\/et\/privaatsuspoliitika\/"]}]},{"@type":"BreadcrumbList","@id":"https:\/\/carbonvega.com\/et\/privaatsuspoliitika\/#breadcrumb","itemListElement":[{"@type":"ListItem","position":1,"name":"Home","item":"https:\/\/carbonvega.com\/et\/"},{"@type":"ListItem","position":2,"name":"Privaatsuspoliitika"}]},{"@type":"WebSite","@id":"https:\/\/carbonvega.com\/et\/#website","url":"https:\/\/carbonvega.com\/et\/","name":"CarbonVega","description":"European based carbon fiber sheets manufacturer","publisher":{"@id":"https:\/\/carbonvega.com\/et\/#organization"},"potentialAction":[{"@type":"SearchAction","target":{"@type":"EntryPoint","urlTemplate":"https:\/\/carbonvega.com\/et\/?s={search_term_string}"},"query-input":{"@type":"PropertyValueSpecification","valueRequired":true,"valueName":"search_term_string"}}],"inLanguage":"et"},{"@type":"Organization","@id":"https:\/\/carbonvega.com\/et\/#organization","name":"CarbonVega","url":"https:\/\/carbonvega.com\/et\/","logo":{"@type":"ImageObject","inLanguage":"et","@id":"https:\/\/carbonvega.com\/et\/#\/schema\/logo\/image\/","url":"https:\/\/carbonvega.com\/wp-content\/uploads\/2025\/05\/Carbonvega-logo-transparent.png","contentUrl":"https:\/\/carbonvega.com\/wp-content\/uploads\/2025\/05\/Carbonvega-logo-transparent.png","width":399,"height":242,"caption":"CarbonVega"},"image":{"@id":"https:\/\/carbonvega.com\/et\/#\/schema\/logo\/image\/"}}]}},"_links":{"self":[{"href":"https:\/\/carbonvega.com\/et\/wp-json\/wp\/v2\/pages\/822","targetHints":{"allow":["GET"]}}],"collection":[{"href":"https:\/\/carbonvega.com\/et\/wp-json\/wp\/v2\/pages"}],"about":[{"href":"https:\/\/carbonvega.com\/et\/wp-json\/wp\/v2\/types\/page"}],"author":[{"embeddable":true,"href":"https:\/\/carbonvega.com\/et\/wp-json\/wp\/v2\/users\/1"}],"replies":[{"embeddable":true,"href":"https:\/\/carbonvega.com\/et\/wp-json\/wp\/v2\/comments?post=822"}],"version-history":[{"count":1,"href":"https:\/\/carbonvega.com\/et\/wp-json\/wp\/v2\/pages\/822\/revisions"}],"predecessor-version":[{"id":823,"href":"https:\/\/carbonvega.com\/et\/wp-json\/wp\/v2\/pages\/822\/revisions\/823"}],"wp:attachment":[{"href":"https:\/\/carbonvega.com\/et\/wp-json\/wp\/v2\/media?parent=822"}],"curies":[{"name":"wp","href":"https:\/\/api.w.org\/{rel}","templated":true}]}}